{"id":64,"date":"2014-03-12T22:10:51","date_gmt":"2014-03-12T20:10:51","guid":{"rendered":"http:\/\/ostrozka.zvsaslbbk.sk\/?page_id=64"},"modified":"2023-02-13T18:49:22","modified_gmt":"2023-02-13T17:49:22","slug":"organy","status":"publish","type":"page","link":"https:\/\/ostrozka.zvsaslbbk.sk\/?page_id=64","title":{"rendered":"Org\u00e1ny"},"content":{"rendered":"<p><strong>V\u00fdbor<\/strong><\/p>\n<p>Predseda \u00a0 \u00a0: \u00a0 Ing. J\u00e1n Stehl\u00edk, 0905 972776, vavslik@gmail.com<\/p>\n<p>Podpredseda : Stanislav Purdek, 0903 212949, stanislavpurdek@gmail.com<\/p>\n<p>Pokladn\u00edk : \u00a0 \u00a0 Elena Melichov\u00e1, 0907 526032, melichovaelena@azet.sk<\/p>\n<p>\u010clen : \u00a0 \u00a0 \u00a0 \u00a0 \u00a0 \u00a0 Ing. Stanislav \u0160ichta, 0905 818757, sichtas@gmail.com<\/p>\n<p>&nbsp;<\/p>\n<p><strong>Dozorn\u00e1 rada<\/strong><\/p>\n<p>Predseda \u00a0: \u00a0 Ing. Juraj Bud\u00e1\u010d, 0902 228919<\/p>\n<p>\u010clen : \u00a0 \u00a0 \u00a0 \u00a0 \u00a0 Ing. \u013dubo\u0161 V\u00edtovsk\u00fd, 0903 704340<\/p>\n<p>&nbsp;<\/p>\n<p><strong style=\"line-height: 1.6em;\">N\u00e1zov a s\u00eddlo zdru\u017eenia : \u00a0<\/strong><\/p>\n<p><span style=\"line-height: 1.6em;\">Ostr\u00f4\u017eka, z.p.,\u00a0 Ing.J\u00e1n Stehl\u00edk,\u00a0 Vimpersk\u00e1 685\/11,\u00a0 962 12 DETVA<\/span><\/p>\n","protected":false},"excerpt":{"rendered":"<p>V\u00fdbor Predseda \u00a0 \u00a0: \u00a0 Ing. J\u00e1n Stehl\u00edk, 0905 972776, vavslik@gmail.com Podpredseda : Stanislav Purdek, 0903 212949, stanislavpurdek@gmail.com Pokladn\u00edk : \u00a0 \u00a0 Elena Melichov\u00e1, 0907 526032, melichovaelena@azet.sk \u010clen : \u00a0 \u00a0 \u00a0 \u00a0 \u00a0 \u00a0 Ing. Stanislav \u0160ichta, 0905 818757, sichtas@gmail.com &nbsp; Dozorn\u00e1 rada Predseda \u00a0: \u00a0 Ing. Juraj Bud\u00e1\u010d, 0902 228919 \u010clen : \u00a0 [&hellip;]<\/p>\n","protected":false},"author":1,"featured_media":0,"parent":0,"menu_order":0,"comment_status":"closed","ping_status":"closed","template":"","meta":{"footnotes":""},"class_list":["post-64","page","type-page","status-publish","hentry"],"_links":{"self":[{"href":"https:\/\/ostrozka.zvsaslbbk.sk\/index.php?rest_route=\/wp\/v2\/pages\/64","targetHints":{"allow":["GET"]}}],"collection":[{"href":"https:\/\/ostrozka.zvsaslbbk.sk\/index.php?rest_route=\/wp\/v2\/pages"}],"about":[{"href":"https:\/\/ostrozka.zvsaslbbk.sk\/index.php?rest_route=\/wp\/v2\/types\/page"}],"author":[{"embeddable":true,"href":"https:\/\/ostrozka.zvsaslbbk.sk\/index.php?rest_route=\/wp\/v2\/users\/1"}],"replies":[{"embeddable":true,"href":"https:\/\/ostrozka.zvsaslbbk.sk\/index.php?rest_route=%2Fwp%2Fv2%2Fcomments&post=64"}],"version-history":[{"count":3,"href":"https:\/\/ostrozka.zvsaslbbk.sk\/index.php?rest_route=\/wp\/v2\/pages\/64\/revisions"}],"predecessor-version":[{"id":1058,"href":"https:\/\/ostrozka.zvsaslbbk.sk\/index.php?rest_route=\/wp\/v2\/pages\/64\/revisions\/1058"}],"wp:attachment":[{"href":"https:\/\/ostrozka.zvsaslbbk.sk\/index.php?rest_route=%2Fwp%2Fv2%2Fmedia&parent=64"}],"curies":[{"name":"wp","href":"https:\/\/api.w.org\/{rel}","templated":true}]}}