{"id":18,"date":"2013-03-13T18:43:58","date_gmt":"2013-03-13T16:43:58","guid":{"rendered":"http:\/\/ostrozka.zvsaslbbk.sk\/?page_id=18"},"modified":"2013-03-13T18:43:58","modified_gmt":"2013-03-13T16:43:58","slug":"o-nas","status":"publish","type":"page","link":"https:\/\/ostrozka.zvsaslbbk.sk\/?page_id=18","title":{"rendered":"O n\u00e1s"},"content":{"rendered":"<p>\n\tT&aacute;to str&aacute;nka je ur\u010den&aacute; predov&scaron;etk&yacute;m pre podielnikov&nbsp;&nbsp;v&nbsp;spolo\u010dne obhospodarovan&yacute;ch&nbsp;lesoch &nbsp;<span style=\"line-height: 1.6em;\">&nbsp;Ostr&ocirc;\u017eka, z.p.. &nbsp;Hospod&aacute;rime&nbsp;v &nbsp;&quot;R&uacute;bani&quot;-&nbsp;LV 5468, k.&uacute;. Detva, &nbsp;v &nbsp;&quot;Pie&scaron;\u0165anskej&nbsp;hore&quot;&nbsp;a v&nbsp;hore &quot;Horn&yacute; Pie&scaron;\u0165&quot;-&nbsp;&nbsp;LV 454 a LV 453, k.&uacute;. &Aacute;belov&aacute;.<\/span>\n<\/p>\n<p>\n\t<span style=\"line-height: 1.6em;\">&nbsp; &nbsp; &nbsp;Na Valnom Zhroma\u017eden&iacute; d\u0148a 9.3.2014 &nbsp;podielnici jednomyselne prijali Zmluvu o zdru\u017een&iacute; podielnikov a Stanovy v zmysle&nbsp;Ob\u010dianskeho z&aacute;konn&iacute;ka. Splnomocnen&yacute;mi org&aacute;nmi na spravovanie majetku s&uacute;&nbsp;v&yacute;bor a dozorn&aacute; rada. Navonok je splnomocnen&yacute; kona\u0165 za podielnikov&nbsp;predseda v&yacute;boru.<\/span>\n<\/p>\n<p>\n\t<span style=\"line-height: 1.6em;\">Kontaktn&eacute; &uacute;daje: &nbsp;&nbsp;<strong>Ostr&ocirc;\u017eka, z.p.,&nbsp;<\/strong><\/span><strong style=\"line-height: 1.6em;\">&nbsp;Ing. J&aacute;n Stehl&iacute;k, &nbsp;Vimpersk&aacute; 685\/11, &nbsp; 962 12 Detva, &nbsp; vavslik@gmail.com, &nbsp;0905 972 776<\/strong><\/p>\n","protected":false},"excerpt":{"rendered":"<p>T&aacute;to str&aacute;nka je ur\u010den&aacute; predov&scaron;etk&yacute;m pre podielnikov&nbsp;&nbsp;v&nbsp;spolo\u010dne obhospodarovan&yacute;ch&nbsp;lesoch &nbsp;&nbsp;Ostr&ocirc;\u017eka, z.p.. &nbsp;Hospod&aacute;rime&nbsp;v &nbsp;&quot;R&uacute;bani&quot;-&nbsp;LV 5468, k.&uacute;. Detva, &nbsp;v &nbsp;&quot;Pie&scaron;\u0165anskej&nbsp;hore&quot;&nbsp;a v&nbsp;hore &quot;Horn&yacute; Pie&scaron;\u0165&quot;-&nbsp;&nbsp;LV 454 a LV 453, k.&uacute;. &Aacute;belov&aacute;. &nbsp; &nbsp; &nbsp;Na Valnom Zhroma\u017eden&iacute; d\u0148a 9.3.2014 &nbsp;podielnici jednomyselne prijali Zmluvu o zdru\u017een&iacute; podielnikov a Stanovy v zmysle&nbsp;Ob\u010dianskeho z&aacute;konn&iacute;ka. Splnomocnen&yacute;mi org&aacute;nmi na spravovanie majetku s&uacute;&nbsp;v&yacute;bor a dozorn&aacute; rada. Navonok [&hellip;]<\/p>\n","protected":false},"author":1,"featured_media":0,"parent":0,"menu_order":0,"comment_status":"closed","ping_status":"closed","template":"","meta":{"footnotes":""},"class_list":["post-18","page","type-page","status-publish","hentry"],"_links":{"self":[{"href":"https:\/\/ostrozka.zvsaslbbk.sk\/index.php?rest_route=\/wp\/v2\/pages\/18","targetHints":{"allow":["GET"]}}],"collection":[{"href":"https:\/\/ostrozka.zvsaslbbk.sk\/index.php?rest_route=\/wp\/v2\/pages"}],"about":[{"href":"https:\/\/ostrozka.zvsaslbbk.sk\/index.php?rest_route=\/wp\/v2\/types\/page"}],"author":[{"embeddable":true,"href":"https:\/\/ostrozka.zvsaslbbk.sk\/index.php?rest_route=\/wp\/v2\/users\/1"}],"replies":[{"embeddable":true,"href":"https:\/\/ostrozka.zvsaslbbk.sk\/index.php?rest_route=%2Fwp%2Fv2%2Fcomments&post=18"}],"version-history":[{"count":0,"href":"https:\/\/ostrozka.zvsaslbbk.sk\/index.php?rest_route=\/wp\/v2\/pages\/18\/revisions"}],"wp:attachment":[{"href":"https:\/\/ostrozka.zvsaslbbk.sk\/index.php?rest_route=%2Fwp%2Fv2%2Fmedia&parent=18"}],"curies":[{"name":"wp","href":"https:\/\/api.w.org\/{rel}","templated":true}]}}