{"id":16,"date":"2013-03-13T18:43:39","date_gmt":"2013-03-13T16:43:39","guid":{"rendered":"http:\/\/ostrozka.zvsaslbbk.sk\/?page_id=16"},"modified":"2024-03-11T21:58:21","modified_gmt":"2024-03-11T20:58:21","slug":"dokumenty","status":"publish","type":"page","link":"https:\/\/ostrozka.zvsaslbbk.sk\/?page_id=16","title":{"rendered":"Dokumenty"},"content":{"rendered":"<p>Z\u00e1kladn\u00e9 dokumenty n\u00e1\u0161ho zdru\u017eenia otvor\u00edte kliknut\u00edm na pr\u00edslu\u0161n\u00e9 odkazy:<\/p>\n<p><a href=\"http:\/\/ostrozka.zvsaslbbk.sk\/wp-content\/uploads\/2013\/12\/Zml_o_zdru\u017een\u00ed.pdf\">ZMLUVA O ZDRU\u017dEN\u00cd PODIELNIKOV<\/a><\/p>\n<p><a href=\"http:\/\/ostrozka.zvsaslbbk.sk\/wp-content\/uploads\/2013\/12\/Stanovy.pdf\">STANOVY ZDRU\u017dENIA PODIELNIKOV<\/a><\/p>\n<p><a href=\"http:\/\/ostrozka.zvsaslbbk.sk\/wp-content\/uploads\/2013\/12\/UZNESENIE.pdf\">UZNESENIE z 9.3.2014<\/a><\/p>\n<p>&nbsp;<\/p>\n<p>\u010eal\u0161ie dokumenty:<\/p>\n<p><a href=\"http:\/\/ostrozka.zvsaslbbk.sk\/wp-content\/uploads\/2019\/01\/SMERNICA_Ostr\u00f4\u017eka.pdf\">SMERNICA_Ostr\u00f4\u017eka<\/a><\/p>\n<p><a href=\"https:\/\/ostrozka.zvsaslbbk.sk\/wp-content\/uploads\/2024\/02\/Prihlaska_do-zdruzenia.pdf\">Prihl\u00e1\u0161ka_do zdru\u017eenia<\/a><\/p>\n<p><a href=\"https:\/\/ostrozka.zvsaslbbk.sk\/wp-content\/uploads\/2024\/03\/Cennik-_dreva_od_2023.pdf\">Cenn\u00edk _dreva_od_2023<\/a><\/p>\n","protected":false},"excerpt":{"rendered":"<p>Z\u00e1kladn\u00e9 dokumenty n\u00e1\u0161ho zdru\u017eenia otvor\u00edte kliknut\u00edm na pr\u00edslu\u0161n\u00e9 odkazy: ZMLUVA O ZDRU\u017dEN\u00cd PODIELNIKOV STANOVY ZDRU\u017dENIA PODIELNIKOV UZNESENIE z 9.3.2014 &nbsp; \u010eal\u0161ie dokumenty: SMERNICA_Ostr\u00f4\u017eka Prihl\u00e1\u0161ka_do zdru\u017eenia Cenn\u00edk _dreva_od_2023<\/p>\n","protected":false},"author":1,"featured_media":0,"parent":0,"menu_order":0,"comment_status":"closed","ping_status":"closed","template":"","meta":{"footnotes":""},"class_list":["post-16","page","type-page","status-publish","hentry"],"_links":{"self":[{"href":"https:\/\/ostrozka.zvsaslbbk.sk\/index.php?rest_route=\/wp\/v2\/pages\/16","targetHints":{"allow":["GET"]}}],"collection":[{"href":"https:\/\/ostrozka.zvsaslbbk.sk\/index.php?rest_route=\/wp\/v2\/pages"}],"about":[{"href":"https:\/\/ostrozka.zvsaslbbk.sk\/index.php?rest_route=\/wp\/v2\/types\/page"}],"author":[{"embeddable":true,"href":"https:\/\/ostrozka.zvsaslbbk.sk\/index.php?rest_route=\/wp\/v2\/users\/1"}],"replies":[{"embeddable":true,"href":"https:\/\/ostrozka.zvsaslbbk.sk\/index.php?rest_route=%2Fwp%2Fv2%2Fcomments&post=16"}],"version-history":[{"count":7,"href":"https:\/\/ostrozka.zvsaslbbk.sk\/index.php?rest_route=\/wp\/v2\/pages\/16\/revisions"}],"predecessor-version":[{"id":1089,"href":"https:\/\/ostrozka.zvsaslbbk.sk\/index.php?rest_route=\/wp\/v2\/pages\/16\/revisions\/1089"}],"wp:attachment":[{"href":"https:\/\/ostrozka.zvsaslbbk.sk\/index.php?rest_route=%2Fwp%2Fv2%2Fmedia&parent=16"}],"curies":[{"name":"wp","href":"https:\/\/api.w.org\/{rel}","templated":true}]}}