{"id":14,"date":"2013-03-13T18:42:51","date_gmt":"2013-03-13T16:42:51","guid":{"rendered":"http:\/\/ostrozka.zvsaslbbk.sk\/?page_id=14"},"modified":"2026-02-09T13:03:48","modified_gmt":"2026-02-09T12:03:48","slug":"clenovia","status":"publish","type":"page","link":"https:\/\/ostrozka.zvsaslbbk.sk\/?page_id=14","title":{"rendered":"\u010clenovia"},"content":{"rendered":"<p><strong>\u010clenstvo v\u00a0zdru\u017een\u00ed:<\/strong><\/p>\n<p>\u010clenmi zdru\u017eenia\u00a0s\u00fa podielnici\u00a0spolo\u010dne obhospodarovan\u00fdch\u00a0lesn\u00fdch pozemkov nach\u00e1dzaj\u00facich sa v\u00a0k.\u00fa Detva, \u00a0ktor\u00e9 s\u00fa veden\u00e9\u00a0na LV 5468,\u00a0ako aj v\u00a0k.\u00fa. \u00c1belov\u00e1, veden\u00e9 \u00a0na LV453\u00a0a LV 454\u00a0\u00a0<strong><em>a<\/em><\/strong><em><strong>\u00a0ktor\u00ed svoj podiel riadne prihl\u00e1sili org\u00e1nom zdru\u017eenia a prejavili s\u00fahlas so Zmluvou o zdru\u017een\u00ed a Stanovami.<\/strong><\/em><\/p>\n<p><strong>Listy vlastn\u00edctva:<\/strong><\/p>\n<p>Aktu\u00e1lne listy vlastn\u00edctva si m\u00f4\u017eete pozrie\u0165 \u00a0na internetovej\u00a0\u00a0adrese: www.katasterportal.sk a tie\u017e na pr\u00edslu\u0161n\u00fdch Katastr\u00e1lnych odboroch Okresn\u00fdch \u00faradov. Pre r\u00fdchlu orient\u00e1ciu si m\u00f4\u017eete pozrie\u0165, pr\u00edpadne aj vytla\u010di\u0165\u00a0LV5468 kliknut\u00edm sem: <a href=\"https:\/\/ostrozka.zvsaslbbk.sk\/wp-content\/uploads\/2026\/02\/LV5468_2026_1.pdf\">LV5468_2026_1<\/a>,\u00a0LV453 kliknut\u00edm sem <a href=\"https:\/\/ostrozka.zvsaslbbk.sk\/wp-content\/uploads\/2026\/02\/LV453_2026_1.pdf\">LV453_2026_1<\/a>, alebo\u00a0LV454 kliknut\u00edm sem <a href=\"https:\/\/ostrozka.zvsaslbbk.sk\/wp-content\/uploads\/2026\/02\/LV454_2026_1.pdf\">LV454_2026_1<\/a>\u00a0.<\/p>\n<p><strong>Prihlasovanie za \u010dlena zdru\u017eenia:<\/strong><\/p>\n<p>Pokia\u013e e\u0161te nie ste \u010dlenom zdru\u017eenia a vlastn\u00edte podiel v\u00a0uveden\u00fdch lesn\u00fdch pozemkoch, m\u00f4\u017eete tak urobi\u0165 doru\u010den\u00edm prihl\u00e1\u0161ky do s\u00eddla zdru\u017eenia, a to bu\u010f osobne, po\u0161tou, alebo e-mailom na adresu vavslik@gmail.com.<strong> <em>Prihl\u00e1\u0161ka mus\u00ed obsahova\u0165 Va\u0161e meno, adresu, d\u00e1tum narodenia, \u00fadaje o Va\u0161ich podieloch (na ktor\u00fdch LV, pod ak\u00fdmi poradov\u00fdmi \u010d\u00edslami BLV) s\u00fa veden\u00e9.<\/em><\/strong> \u00a0<strong><em>Tak isto mus\u00ed obsahova\u0165 identifika\u010dn\u00e9 \u00fadaje o predo\u0161lom vlastn\u00edkovi podielov a prehl\u00e1senie o s\u00fahlase so Zmluvou o zdru\u017een\u00ed a Stanovami.<\/em><\/strong><\/p>\n<p><strong>Potrebn\u00fdmi<span style=\"line-height: 20.7999992370605px;\"> \u00fadajmi s\u00fa aj:\u00a0<\/span><\/strong><strong><span style=\"line-height: 20.7999992370605px;\">\u010d\u00edslo \u00fa\u010dtu,<\/span><span style=\"line-height: 1.6;\">\u00a0<\/span><\/strong><strong><span style=\"line-height: 20.7999992370605px;\">e-mailov\u00e1 adresa a<\/span><\/strong><strong><span style=\"line-height: 20.7999992370605px;\">\u00a0telef\u00f3nne \u010d\u00edslo,\u00a0<\/span><\/strong><\/p>\n<p>Ako prihl\u00e1\u0161ku m\u00f4\u017eete pou\u017ei\u0165 tla\u010divo, ktor\u00e9 si m\u00f4\u017eete pozrie\u0165 a vytla\u010di\u0165 tu: <a href=\"https:\/\/ostrozka.zvsaslbbk.sk\/wp-content\/uploads\/2024\/02\/Prihlaska_do-zdruzenia.pdf\">Prihl\u00e1\u0161ka_do zdru\u017eenia<\/a><\/p>\n<p>&nbsp;<\/p>\n","protected":false},"excerpt":{"rendered":"<p>\u010clenstvo v\u00a0zdru\u017een\u00ed: \u010clenmi zdru\u017eenia\u00a0s\u00fa podielnici\u00a0spolo\u010dne obhospodarovan\u00fdch\u00a0lesn\u00fdch pozemkov nach\u00e1dzaj\u00facich sa v\u00a0k.\u00fa Detva, \u00a0ktor\u00e9 s\u00fa veden\u00e9\u00a0na LV 5468,\u00a0ako aj v\u00a0k.\u00fa. \u00c1belov\u00e1, veden\u00e9 \u00a0na LV453\u00a0a LV 454\u00a0\u00a0a\u00a0ktor\u00ed svoj podiel riadne prihl\u00e1sili org\u00e1nom zdru\u017eenia a prejavili s\u00fahlas so Zmluvou o zdru\u017een\u00ed a Stanovami. Listy vlastn\u00edctva: Aktu\u00e1lne listy vlastn\u00edctva si m\u00f4\u017eete pozrie\u0165 \u00a0na internetovej\u00a0\u00a0adrese: www.katasterportal.sk a tie\u017e na pr\u00edslu\u0161n\u00fdch Katastr\u00e1lnych [&hellip;]<\/p>\n","protected":false},"author":1,"featured_media":0,"parent":0,"menu_order":0,"comment_status":"closed","ping_status":"closed","template":"","meta":{"footnotes":""},"class_list":["post-14","page","type-page","status-publish","hentry"],"_links":{"self":[{"href":"https:\/\/ostrozka.zvsaslbbk.sk\/index.php?rest_route=\/wp\/v2\/pages\/14","targetHints":{"allow":["GET"]}}],"collection":[{"href":"https:\/\/ostrozka.zvsaslbbk.sk\/index.php?rest_route=\/wp\/v2\/pages"}],"about":[{"href":"https:\/\/ostrozka.zvsaslbbk.sk\/index.php?rest_route=\/wp\/v2\/types\/page"}],"author":[{"embeddable":true,"href":"https:\/\/ostrozka.zvsaslbbk.sk\/index.php?rest_route=\/wp\/v2\/users\/1"}],"replies":[{"embeddable":true,"href":"https:\/\/ostrozka.zvsaslbbk.sk\/index.php?rest_route=%2Fwp%2Fv2%2Fcomments&post=14"}],"version-history":[{"count":5,"href":"https:\/\/ostrozka.zvsaslbbk.sk\/index.php?rest_route=\/wp\/v2\/pages\/14\/revisions"}],"predecessor-version":[{"id":1119,"href":"https:\/\/ostrozka.zvsaslbbk.sk\/index.php?rest_route=\/wp\/v2\/pages\/14\/revisions\/1119"}],"wp:attachment":[{"href":"https:\/\/ostrozka.zvsaslbbk.sk\/index.php?rest_route=%2Fwp%2Fv2%2Fmedia&parent=14"}],"curies":[{"name":"wp","href":"https:\/\/api.w.org\/{rel}","templated":true}]}}